{"id":58,"date":"2025-06-27T23:21:54","date_gmt":"2025-06-27T21:21:54","guid":{"rendered":"https:\/\/cabanedesgallochieres.fr\/?page_id=58"},"modified":"2025-06-29T18:03:06","modified_gmt":"2025-06-29T16:03:06","slug":"contact","status":"publish","type":"page","link":"https:\/\/cabanedesgallochieres.fr\/index.php\/contact\/","title":{"rendered":"Contact"},"content":{"rendered":"<p style=\"text-align: center;\">Pour toutes r\u00e9servations et renseignements compl\u00e9mentaires, c&rsquo;est par ici :\u00a0<\/p>\r\n<p style=\"text-align: center;\"><strong>Coordonn\u00e9es du contact : \u00ab\u00a0Cabane des Gallochi\u00e8res\u00a0\u00bb 1 Lieu dit les Gallochi\u00e8res 42430 CHERIER<\/strong><\/p>\r\n<p style=\"text-align: center;\"><strong>Mme LABOURE Fabienne<\/strong><\/p>\r\n<p style=\"text-align: center;\"><strong>Portable : 06 08 92 08 37<\/strong><\/p>\r\n<p style=\"text-align: center;\"><strong>mail : <\/strong><a href=\"mailto:nuits.insolites42@gmail.com\"><strong>nuits.insolites42@gmail.com<\/strong><\/a><\/p>\r\n<p style=\"text-align: center;\">Retrouvez nous \u00e9galement sur notre page <a href=\"https:\/\/www.facebook.com\/FabienneMathildeLaboure\"><img loading=\"lazy\" decoding=\"async\" class=\"alignnone  wp-image-200\" src=\"https:\/\/cabanedesgallochieres.fr\/wp-content\/uploads\/2025\/06\/Facebook_logo-300x300.png\" alt=\"\" width=\"26\" height=\"26\" srcset=\"https:\/\/cabanedesgallochieres.fr\/wp-content\/uploads\/2025\/06\/Facebook_logo-300x300.png 300w, https:\/\/cabanedesgallochieres.fr\/wp-content\/uploads\/2025\/06\/Facebook_logo-150x150.png 150w, https:\/\/cabanedesgallochieres.fr\/wp-content\/uploads\/2025\/06\/Facebook_logo-768x768.png 768w, https:\/\/cabanedesgallochieres.fr\/wp-content\/uploads\/2025\/06\/Facebook_logo-270x270.png 270w, https:\/\/cabanedesgallochieres.fr\/wp-content\/uploads\/2025\/06\/Facebook_logo.png 960w\" sizes=\"auto, (max-width: 26px) 100vw, 26px\" \/><\/a>, o\u00f9 nous partageons avec vous les t\u00e9moignages et photos de nos clients !<\/p>\r\n<p>&nbsp;<\/p>\r\n<p style=\"text-align: center;\">Situ\u00e9s \u00e0 seulement 20 minutes de Roanne, 1 heure de Saint-Etienne, et 1h15 de Lyon.\u00a0<\/p>\r\n<p style=\"text-align: center;\">Notre astuce : Si vous suivez votre GPS, pour ne pas vous tromper une fois arriver au lieu dit \u00ab\u00a0Tr\u00e8ve Millot\u00a0\u00bb prenez le chemin en terre \u00e0 c\u00f4t\u00e9 de la ferme.<\/p>\r\n<p>&nbsp;<\/p>\r\n\r\n<p>\u00a0 \u00a0 \u00a0 \u00a0 \u00a0 \u00a0 \u00a0 \u00a0 \u00a0 \u00a0 \u00a0 \u00a0 \u00a0 <iframe loading=\"lazy\" style=\"border: 0;\" src=\"https:\/\/www.google.com\/maps\/embed?pb=!1m23!1m12!1m3!1d88730.20342766281!2d3.8439424372439075!3d45.97487739082102!2m3!1f0!2f0!3f0!3m2!1i1024!2i768!4f13.1!4m8!3e6!4m0!4m5!1s0x47f41cdf7a144601%3A0xa4625374824b400f!2s1ld%20les%20gallochieres%2C%2042430%20Cherier!3m2!1d45.974906999999995!2d3.9263429999999997!5e0!3m2!1sfr!2sfr!4v1751126225947!5m2!1sfr!2sfr\" width=\"600\" height=\"450\" allowfullscreen=\"allowfullscreen\"><\/iframe><\/p>\r\n","protected":false},"excerpt":{"rendered":"<p>Pour toutes r\u00e9servations et renseignements compl\u00e9mentaires, c&rsquo;est par ici :\u00a0 Coordonn\u00e9es du contact : \u00ab\u00a0Cabane des Gallochi\u00e8res\u00a0\u00bb 1 Lieu dit les Gallochi\u00e8res 42430 CHERIER Mme LABOURE Fabienne Portable : 06 08 92 08 37 mail : nuits.insolites42@gmail.com Retrouvez nous \u00e9galement sur notre page , o\u00f9 nous partageons avec vous les t\u00e9moignages et photos de nos clients ! &nbsp; Situ\u00e9s \u00e0 seulement 20 minutes de Roanne, 1 heure de Saint-Etienne, et 1h15 de Lyon.\u00a0 Notre astuce : Si vous suivez votre&#8230;<\/p>\n<p class=\"read-more\"><a class=\"btn btn-default\" href=\"https:\/\/cabanedesgallochieres.fr\/index.php\/contact\/\">Lire la suite<span class=\"screen-reader-text\"> Lire la suite<\/span><\/a><\/p>\n","protected":false},"author":1,"featured_media":0,"parent":0,"menu_order":0,"comment_status":"closed","ping_status":"closed","template":"","meta":{"footnotes":""},"class_list":["post-58","page","type-page","status-publish","hentry"],"_links":{"self":[{"href":"https:\/\/cabanedesgallochieres.fr\/index.php\/wp-json\/wp\/v2\/pages\/58","targetHints":{"allow":["GET"]}}],"collection":[{"href":"https:\/\/cabanedesgallochieres.fr\/index.php\/wp-json\/wp\/v2\/pages"}],"about":[{"href":"https:\/\/cabanedesgallochieres.fr\/index.php\/wp-json\/wp\/v2\/types\/page"}],"author":[{"embeddable":true,"href":"https:\/\/cabanedesgallochieres.fr\/index.php\/wp-json\/wp\/v2\/users\/1"}],"replies":[{"embeddable":true,"href":"https:\/\/cabanedesgallochieres.fr\/index.php\/wp-json\/wp\/v2\/comments?post=58"}],"version-history":[{"count":10,"href":"https:\/\/cabanedesgallochieres.fr\/index.php\/wp-json\/wp\/v2\/pages\/58\/revisions"}],"predecessor-version":[{"id":202,"href":"https:\/\/cabanedesgallochieres.fr\/index.php\/wp-json\/wp\/v2\/pages\/58\/revisions\/202"}],"wp:attachment":[{"href":"https:\/\/cabanedesgallochieres.fr\/index.php\/wp-json\/wp\/v2\/media?parent=58"}],"curies":[{"name":"wp","href":"https:\/\/api.w.org\/{rel}","templated":true}]}}