{"id":44,"date":"2025-06-27T22:49:37","date_gmt":"2025-06-27T20:49:37","guid":{"rendered":"https:\/\/cabanedesgallochieres.fr\/?page_id=44"},"modified":"2025-09-27T15:22:56","modified_gmt":"2025-09-27T13:22:56","slug":"fonctionnement-et-tarifs","status":"publish","type":"page","link":"https:\/\/cabanedesgallochieres.fr\/index.php\/fonctionnement-et-tarifs\/","title":{"rendered":"Fonctionnement de l&rsquo;h\u00e9bergement et Tarifs"},"content":{"rendered":"\n<p class=\"has-text-align-center\">Nous vous accueillons aux cabanes<strong>&nbsp;\u00e0 partir de 16h30<\/strong><\/p>\n\n\n\n<p class=\"has-text-align-center\">Lors de votre d\u00e9part, il vous sera demand\u00e9 de laisser libre la cabane&nbsp;<strong>\u00e0 11h30<\/strong><\/p>\n\n\n\n<p class=\"has-text-align-center\">(Le retour des cl\u00e9s se fera \u00e0 la cabane d&rsquo;accueil)<\/p>\n\n\n\n<p class=\"has-text-align-center\"><strong>En cas d&#8217;emp\u00eachement de votre part, l&rsquo;annulation n&rsquo;est pas plus possible moins de 48h avant votre arriv\u00e9e. <\/strong><b>Annuler plus de 48h avant entra\u00eenera l&rsquo;encaissement de votre acom<\/b><strong>pte.<\/strong><\/p>\n\n\n\n<p>&nbsp;<\/p>\n\n\n\n<p class=\"has-text-align-center\">Sur le site et tout au long du s\u00e9jour, les enfants restent sous la responsabilit\u00e9 des parents.<\/p>\n\n\n\n<p class=\"has-text-align-center\">Les animaux de compagnie ne sont pas autoris\u00e9s.<\/p>\n\n\n<div class=\"wp-block-image\">\n<figure data-wp-context=\"{&quot;imageId&quot;:&quot;69f4cd2b04f48&quot;}\" data-wp-interactive=\"core\/image\" data-wp-key=\"69f4cd2b04f48\" class=\"aligncenter wp-lightbox-container\"><img loading=\"lazy\" decoding=\"async\" width=\"1024\" height=\"461\" data-wp-class--hide=\"state.isContentHidden\" data-wp-class--show=\"state.isContentVisible\" data-wp-init=\"callbacks.setButtonStyles\" data-wp-on--click=\"actions.showLightbox\" data-wp-on--load=\"callbacks.setButtonStyles\" data-wp-on-window--resize=\"callbacks.setButtonStyles\" src=\"https:\/\/cabanedesgallochieres.fr\/wp-content\/uploads\/2025\/06\/cabanes-des-gallochieres-nuits-insolites-gites-insolites-46-1024x461.jpg\" alt=\"\" class=\"wp-image-105\" srcset=\"https:\/\/cabanedesgallochieres.fr\/wp-content\/uploads\/2025\/06\/cabanes-des-gallochieres-nuits-insolites-gites-insolites-46-1024x461.jpg 1024w, https:\/\/cabanedesgallochieres.fr\/wp-content\/uploads\/2025\/06\/cabanes-des-gallochieres-nuits-insolites-gites-insolites-46-300x135.jpg 300w, https:\/\/cabanedesgallochieres.fr\/wp-content\/uploads\/2025\/06\/cabanes-des-gallochieres-nuits-insolites-gites-insolites-46-768x346.jpg 768w, https:\/\/cabanedesgallochieres.fr\/wp-content\/uploads\/2025\/06\/cabanes-des-gallochieres-nuits-insolites-gites-insolites-46-1536x691.jpg 1536w, https:\/\/cabanedesgallochieres.fr\/wp-content\/uploads\/2025\/06\/cabanes-des-gallochieres-nuits-insolites-gites-insolites-46-600x270.jpg 600w, https:\/\/cabanedesgallochieres.fr\/wp-content\/uploads\/2025\/06\/cabanes-des-gallochieres-nuits-insolites-gites-insolites-46.jpg 1600w\" sizes=\"auto, (max-width: 1024px) 100vw, 1024px\" \/><button\n\t\t\tclass=\"lightbox-trigger\"\n\t\t\ttype=\"button\"\n\t\t\taria-haspopup=\"dialog\"\n\t\t\taria-label=\"Agrandir\"\n\t\t\tdata-wp-init=\"callbacks.initTriggerButton\"\n\t\t\tdata-wp-on--click=\"actions.showLightbox\"\n\t\t\tdata-wp-style--right=\"state.imageButtonRight\"\n\t\t\tdata-wp-style--top=\"state.imageButtonTop\"\n\t\t>\n\t\t\t<svg xmlns=\"http:\/\/www.w3.org\/2000\/svg\" width=\"12\" height=\"12\" fill=\"none\" viewBox=\"0 0 12 12\">\n\t\t\t\t<path fill=\"#fff\" d=\"M2 0a2 2 0 0 0-2 2v2h1.5V2a.5.5 0 0 1 .5-.5h2V0H2Zm2 10.5H2a.5.5 0 0 1-.5-.5V8H0v2a2 2 0 0 0 2 2h2v-1.5ZM8 12v-1.5h2a.5.5 0 0 0 .5-.5V8H12v2a2 2 0 0 1-2 2H8Zm2-12a2 2 0 0 1 2 2v2h-1.5V2a.5.5 0 0 0-.5-.5H8V0h2Z\" \/>\n\t\t\t<\/svg>\n\t\t<\/button><\/figure>\n<\/div>\n\n\n<p><\/p>\n\n\n<div class=\"wp-block-image\">\n<figure data-wp-context=\"{&quot;imageId&quot;:&quot;69f4cd2b053a6&quot;}\" data-wp-interactive=\"core\/image\" data-wp-key=\"69f4cd2b053a6\" class=\"alignleft wp-lightbox-container\"><img loading=\"lazy\" decoding=\"async\" width=\"948\" height=\"537\" data-wp-class--hide=\"state.isContentHidden\" data-wp-class--show=\"state.isContentVisible\" data-wp-init=\"callbacks.setButtonStyles\" data-wp-on--click=\"actions.showLightbox\" data-wp-on--load=\"callbacks.setButtonStyles\" data-wp-on-window--resize=\"callbacks.setButtonStyles\" src=\"https:\/\/cabanedesgallochieres.fr\/wp-content\/uploads\/2025\/06\/tarif.png\" alt=\"\" class=\"wp-image-146\" srcset=\"https:\/\/cabanedesgallochieres.fr\/wp-content\/uploads\/2025\/06\/tarif.png 948w, https:\/\/cabanedesgallochieres.fr\/wp-content\/uploads\/2025\/06\/tarif-300x170.png 300w, https:\/\/cabanedesgallochieres.fr\/wp-content\/uploads\/2025\/06\/tarif-768x435.png 768w, https:\/\/cabanedesgallochieres.fr\/wp-content\/uploads\/2025\/06\/tarif-477x270.png 477w\" sizes=\"auto, (max-width: 948px) 100vw, 948px\" \/><button\n\t\t\tclass=\"lightbox-trigger\"\n\t\t\ttype=\"button\"\n\t\t\taria-haspopup=\"dialog\"\n\t\t\taria-label=\"Agrandir\"\n\t\t\tdata-wp-init=\"callbacks.initTriggerButton\"\n\t\t\tdata-wp-on--click=\"actions.showLightbox\"\n\t\t\tdata-wp-style--right=\"state.imageButtonRight\"\n\t\t\tdata-wp-style--top=\"state.imageButtonTop\"\n\t\t>\n\t\t\t<svg xmlns=\"http:\/\/www.w3.org\/2000\/svg\" width=\"12\" height=\"12\" fill=\"none\" viewBox=\"0 0 12 12\">\n\t\t\t\t<path fill=\"#fff\" d=\"M2 0a2 2 0 0 0-2 2v2h1.5V2a.5.5 0 0 1 .5-.5h2V0H2Zm2 10.5H2a.5.5 0 0 1-.5-.5V8H0v2a2 2 0 0 0 2 2h2v-1.5ZM8 12v-1.5h2a.5.5 0 0 0 .5-.5V8H12v2a2 2 0 0 1-2 2H8Zm2-12a2 2 0 0 1 2 2v2h-1.5V2a.5.5 0 0 0-.5-.5H8V0h2Z\" \/>\n\t\t\t<\/svg>\n\t\t<\/button><\/figure>\n<\/div>\n\n\n<p>Un acompte vous sera demand\u00e9 pour toutes r\u00e9servations.<\/p>\n\n\n\n<p><\/p>\n\n\n\n<figure class=\"wp-block-gallery has-nested-images columns-default is-cropped wp-block-gallery-1 is-layout-flex wp-block-gallery-is-layout-flex\">\n<figure data-wp-context=\"{&quot;imageId&quot;:&quot;69f4cd2b057cc&quot;}\" data-wp-interactive=\"core\/image\" data-wp-key=\"69f4cd2b057cc\" class=\"wp-block-image size-large is-resized wp-lightbox-container\"><img loading=\"lazy\" decoding=\"async\" width=\"461\" height=\"1024\" data-wp-class--hide=\"state.isContentHidden\" data-wp-class--show=\"state.isContentVisible\" data-wp-init=\"callbacks.setButtonStyles\" data-wp-on--click=\"actions.showLightbox\" data-wp-on--load=\"callbacks.setButtonStyles\" data-wp-on-window--resize=\"callbacks.setButtonStyles\" data-id=\"109\" src=\"https:\/\/cabanedesgallochieres.fr\/wp-content\/uploads\/2025\/06\/cabanes-des-gallochieres-nuits-insolites-gites-insolites-48-461x1024.jpg\" alt=\"\" class=\"wp-image-109\" style=\"width:416px;height:auto\" srcset=\"https:\/\/cabanedesgallochieres.fr\/wp-content\/uploads\/2025\/06\/cabanes-des-gallochieres-nuits-insolites-gites-insolites-48-461x1024.jpg 461w, https:\/\/cabanedesgallochieres.fr\/wp-content\/uploads\/2025\/06\/cabanes-des-gallochieres-nuits-insolites-gites-insolites-48-135x300.jpg 135w, https:\/\/cabanedesgallochieres.fr\/wp-content\/uploads\/2025\/06\/cabanes-des-gallochieres-nuits-insolites-gites-insolites-48-691x1536.jpg 691w, https:\/\/cabanedesgallochieres.fr\/wp-content\/uploads\/2025\/06\/cabanes-des-gallochieres-nuits-insolites-gites-insolites-48-122x270.jpg 122w, https:\/\/cabanedesgallochieres.fr\/wp-content\/uploads\/2025\/06\/cabanes-des-gallochieres-nuits-insolites-gites-insolites-48.jpg 720w\" sizes=\"auto, (max-width: 461px) 100vw, 461px\" \/><button\n\t\t\tclass=\"lightbox-trigger\"\n\t\t\ttype=\"button\"\n\t\t\taria-haspopup=\"dialog\"\n\t\t\taria-label=\"Agrandir\"\n\t\t\tdata-wp-init=\"callbacks.initTriggerButton\"\n\t\t\tdata-wp-on--click=\"actions.showLightbox\"\n\t\t\tdata-wp-style--right=\"state.imageButtonRight\"\n\t\t\tdata-wp-style--top=\"state.imageButtonTop\"\n\t\t>\n\t\t\t<svg xmlns=\"http:\/\/www.w3.org\/2000\/svg\" width=\"12\" height=\"12\" fill=\"none\" viewBox=\"0 0 12 12\">\n\t\t\t\t<path fill=\"#fff\" d=\"M2 0a2 2 0 0 0-2 2v2h1.5V2a.5.5 0 0 1 .5-.5h2V0H2Zm2 10.5H2a.5.5 0 0 1-.5-.5V8H0v2a2 2 0 0 0 2 2h2v-1.5ZM8 12v-1.5h2a.5.5 0 0 0 .5-.5V8H12v2a2 2 0 0 1-2 2H8Zm2-12a2 2 0 0 1 2 2v2h-1.5V2a.5.5 0 0 0-.5-.5H8V0h2Z\" \/>\n\t\t\t<\/svg>\n\t\t<\/button><\/figure>\n\n\n\n<figure data-wp-context=\"{&quot;imageId&quot;:&quot;69f4cd2b05b4a&quot;}\" data-wp-interactive=\"core\/image\" data-wp-key=\"69f4cd2b05b4a\" class=\"wp-block-image size-large wp-lightbox-container\"><img loading=\"lazy\" decoding=\"async\" width=\"540\" height=\"720\" data-wp-class--hide=\"state.isContentHidden\" data-wp-class--show=\"state.isContentVisible\" data-wp-init=\"callbacks.setButtonStyles\" data-wp-on--click=\"actions.showLightbox\" data-wp-on--load=\"callbacks.setButtonStyles\" data-wp-on-window--resize=\"callbacks.setButtonStyles\" data-id=\"110\" src=\"https:\/\/cabanedesgallochieres.fr\/wp-content\/uploads\/2025\/06\/cabanes-des-gallochieres-nuits-insolites-gites-insolites-49.jpg\" alt=\"\" class=\"wp-image-110\" srcset=\"https:\/\/cabanedesgallochieres.fr\/wp-content\/uploads\/2025\/06\/cabanes-des-gallochieres-nuits-insolites-gites-insolites-49.jpg 540w, https:\/\/cabanedesgallochieres.fr\/wp-content\/uploads\/2025\/06\/cabanes-des-gallochieres-nuits-insolites-gites-insolites-49-225x300.jpg 225w, https:\/\/cabanedesgallochieres.fr\/wp-content\/uploads\/2025\/06\/cabanes-des-gallochieres-nuits-insolites-gites-insolites-49-203x270.jpg 203w\" sizes=\"auto, (max-width: 540px) 100vw, 540px\" \/><button\n\t\t\tclass=\"lightbox-trigger\"\n\t\t\ttype=\"button\"\n\t\t\taria-haspopup=\"dialog\"\n\t\t\taria-label=\"Agrandir\"\n\t\t\tdata-wp-init=\"callbacks.initTriggerButton\"\n\t\t\tdata-wp-on--click=\"actions.showLightbox\"\n\t\t\tdata-wp-style--right=\"state.imageButtonRight\"\n\t\t\tdata-wp-style--top=\"state.imageButtonTop\"\n\t\t>\n\t\t\t<svg xmlns=\"http:\/\/www.w3.org\/2000\/svg\" width=\"12\" height=\"12\" fill=\"none\" viewBox=\"0 0 12 12\">\n\t\t\t\t<path fill=\"#fff\" d=\"M2 0a2 2 0 0 0-2 2v2h1.5V2a.5.5 0 0 1 .5-.5h2V0H2Zm2 10.5H2a.5.5 0 0 1-.5-.5V8H0v2a2 2 0 0 0 2 2h2v-1.5ZM8 12v-1.5h2a.5.5 0 0 0 .5-.5V8H12v2a2 2 0 0 1-2 2H8Zm2-12a2 2 0 0 1 2 2v2h-1.5V2a.5.5 0 0 0-.5-.5H8V0h2Z\" \/>\n\t\t\t<\/svg>\n\t\t<\/button><\/figure>\n<\/figure>\n\n\n\n<p class=\"has-text-align-left\"><\/p>\n\n\n<div class=\"wp-block-image\">\n<figure data-wp-context=\"{&quot;imageId&quot;:&quot;69f4cd2b062db&quot;}\" data-wp-interactive=\"core\/image\" data-wp-key=\"69f4cd2b062db\" class=\"aligncenter is-resized wp-lightbox-container\"><img loading=\"lazy\" decoding=\"async\" width=\"1024\" height=\"461\" data-wp-class--hide=\"state.isContentHidden\" data-wp-class--show=\"state.isContentVisible\" data-wp-init=\"callbacks.setButtonStyles\" data-wp-on--click=\"actions.showLightbox\" data-wp-on--load=\"callbacks.setButtonStyles\" data-wp-on-window--resize=\"callbacks.setButtonStyles\" src=\"https:\/\/cabanedesgallochieres.fr\/wp-content\/uploads\/2025\/06\/cabanes-des-gallochieres-nuits-insolites-gites-insolites-47-1024x461.jpg\" alt=\"\" class=\"wp-image-106\" style=\"width:781px;height:auto\" srcset=\"https:\/\/cabanedesgallochieres.fr\/wp-content\/uploads\/2025\/06\/cabanes-des-gallochieres-nuits-insolites-gites-insolites-47-1024x461.jpg 1024w, https:\/\/cabanedesgallochieres.fr\/wp-content\/uploads\/2025\/06\/cabanes-des-gallochieres-nuits-insolites-gites-insolites-47-300x135.jpg 300w, https:\/\/cabanedesgallochieres.fr\/wp-content\/uploads\/2025\/06\/cabanes-des-gallochieres-nuits-insolites-gites-insolites-47-768x346.jpg 768w, https:\/\/cabanedesgallochieres.fr\/wp-content\/uploads\/2025\/06\/cabanes-des-gallochieres-nuits-insolites-gites-insolites-47-1536x691.jpg 1536w, https:\/\/cabanedesgallochieres.fr\/wp-content\/uploads\/2025\/06\/cabanes-des-gallochieres-nuits-insolites-gites-insolites-47-600x270.jpg 600w, https:\/\/cabanedesgallochieres.fr\/wp-content\/uploads\/2025\/06\/cabanes-des-gallochieres-nuits-insolites-gites-insolites-47.jpg 1600w\" sizes=\"auto, (max-width: 1024px) 100vw, 1024px\" \/><button\n\t\t\tclass=\"lightbox-trigger\"\n\t\t\ttype=\"button\"\n\t\t\taria-haspopup=\"dialog\"\n\t\t\taria-label=\"Agrandir\"\n\t\t\tdata-wp-init=\"callbacks.initTriggerButton\"\n\t\t\tdata-wp-on--click=\"actions.showLightbox\"\n\t\t\tdata-wp-style--right=\"state.imageButtonRight\"\n\t\t\tdata-wp-style--top=\"state.imageButtonTop\"\n\t\t>\n\t\t\t<svg xmlns=\"http:\/\/www.w3.org\/2000\/svg\" width=\"12\" height=\"12\" fill=\"none\" viewBox=\"0 0 12 12\">\n\t\t\t\t<path fill=\"#fff\" d=\"M2 0a2 2 0 0 0-2 2v2h1.5V2a.5.5 0 0 1 .5-.5h2V0H2Zm2 10.5H2a.5.5 0 0 1-.5-.5V8H0v2a2 2 0 0 0 2 2h2v-1.5ZM8 12v-1.5h2a.5.5 0 0 0 .5-.5V8H12v2a2 2 0 0 1-2 2H8Zm2-12a2 2 0 0 1 2 2v2h-1.5V2a.5.5 0 0 0-.5-.5H8V0h2Z\" \/>\n\t\t\t<\/svg>\n\t\t<\/button><\/figure>\n<\/div>\n\n\n<p><\/p>\n\n\n\n<p class=\"has-text-align-left\"><strong>Repas Campagnard : <\/strong>Servi dans un panier et \u00e9labor\u00e9 par nos soins, produits locaux et maison.<\/p>\n\n\n\n<ul class=\"wp-block-list\">\n<li>20 \u20ac \/ adulte&nbsp; &nbsp; &nbsp; &nbsp;<\/li>\n\n\n\n<li>12 \u20ac \/ enfant (jusqu&rsquo;\u00e0 10 ans)<\/li>\n<\/ul>\n\n\n\n<p><strong>Pique-Nique \u00e0 emporter :&nbsp;<\/strong><\/p>\n\n\n\n<ul class=\"wp-block-list\">\n<li>15 \u20ac \/ adulte&nbsp; &nbsp; &nbsp; &nbsp; &nbsp; <\/li>\n\n\n\n<li>10 \u20ac \/ enfant (jusqu&rsquo;\u00e0 10 ans)<\/li>\n<\/ul>\n\n\n\n<p><strong>Panier Petit D\u00e9jeuner<\/strong> : inclus avec la formule NUITEE<\/p>\n\n\n\n<p class=\"has-text-align-center\">Toutes les demandes pour ce type de prestation doivent \u00eatre faite lors de la r\u00e9servation.<\/p>\n\n\n\n<p>&nbsp;<\/p>\n\n\n\n<p class=\"has-text-align-left\"><em>Nous acceptons uniquement l&rsquo;esp\u00e8ce, les ch\u00e8ques et ch\u00e8ques vacances<\/em> (version papier uniquement).<\/p>\n\n\n\n<p class=\"has-text-align-center\">Merci de votre compr\u00e9hension<\/p>\n\n\n<div class=\"wp-block-image\">\n<figure class=\"aligncenter is-resized\"><img loading=\"lazy\" decoding=\"async\" width=\"192\" height=\"206\" src=\"https:\/\/cabanedesgallochieres.fr\/wp-content\/uploads\/2025\/06\/cabanes-des-gallochieres-nuits-insolites-gites-insolites-14.jpg\" alt=\"\" class=\"wp-image-49\" style=\"width:170px;height:auto\"\/><\/figure>\n<\/div>\n\n\n<p class=\"has-text-align-center\">&nbsp;&nbsp;<\/p>\n","protected":false},"excerpt":{"rendered":"<p>Nous vous accueillons aux cabanes&nbsp;\u00e0 partir de 16h30 Lors de votre d\u00e9part, il vous sera demand\u00e9 de laisser libre la cabane&nbsp;\u00e0 11h30 (Le retour des cl\u00e9s se fera \u00e0 la cabane d&rsquo;accueil) En cas d&#8217;emp\u00eachement de votre part, l&rsquo;annulation n&rsquo;est pas plus possible moins de 48h avant votre arriv\u00e9e. Annuler plus de 48h avant entra\u00eenera l&rsquo;encaissement de votre acompte. &nbsp; Sur le site et tout au long du s\u00e9jour, les enfants restent sous la responsabilit\u00e9 des parents. Les animaux de&#8230;<\/p>\n<p class=\"read-more\"><a class=\"btn btn-default\" href=\"https:\/\/cabanedesgallochieres.fr\/index.php\/fonctionnement-et-tarifs\/\">Lire la suite<span class=\"screen-reader-text\"> Lire la suite<\/span><\/a><\/p>\n","protected":false},"author":1,"featured_media":0,"parent":0,"menu_order":0,"comment_status":"closed","ping_status":"closed","template":"","meta":{"footnotes":""},"class_list":["post-44","page","type-page","status-publish","hentry"],"_links":{"self":[{"href":"https:\/\/cabanedesgallochieres.fr\/index.php\/wp-json\/wp\/v2\/pages\/44","targetHints":{"allow":["GET"]}}],"collection":[{"href":"https:\/\/cabanedesgallochieres.fr\/index.php\/wp-json\/wp\/v2\/pages"}],"about":[{"href":"https:\/\/cabanedesgallochieres.fr\/index.php\/wp-json\/wp\/v2\/types\/page"}],"author":[{"embeddable":true,"href":"https:\/\/cabanedesgallochieres.fr\/index.php\/wp-json\/wp\/v2\/users\/1"}],"replies":[{"embeddable":true,"href":"https:\/\/cabanedesgallochieres.fr\/index.php\/wp-json\/wp\/v2\/comments?post=44"}],"version-history":[{"count":31,"href":"https:\/\/cabanedesgallochieres.fr\/index.php\/wp-json\/wp\/v2\/pages\/44\/revisions"}],"predecessor-version":[{"id":245,"href":"https:\/\/cabanedesgallochieres.fr\/index.php\/wp-json\/wp\/v2\/pages\/44\/revisions\/245"}],"wp:attachment":[{"href":"https:\/\/cabanedesgallochieres.fr\/index.php\/wp-json\/wp\/v2\/media?parent=44"}],"curies":[{"name":"wp","href":"https:\/\/api.w.org\/{rel}","templated":true}]}}