{"id":177,"date":"2025-06-29T16:29:56","date_gmt":"2025-06-29T14:29:56","guid":{"rendered":"https:\/\/cabanedesgallochieres.fr\/?page_id=177"},"modified":"2025-07-31T13:59:03","modified_gmt":"2025-07-31T11:59:03","slug":"bon-cadeau","status":"publish","type":"page","link":"https:\/\/cabanedesgallochieres.fr\/index.php\/bon-cadeau\/","title":{"rendered":"Bon Cadeau"},"content":{"rendered":"\n<p class=\"has-text-align-left\">Un simple contact t\u00e9l\u00e9phonique suffit pour recevoir, \u00e0 l&rsquo;adresse choisie, votre bon cadeau.<\/p>\n\n\n\n<p>Validit\u00e9 de 6 mois \u00e0 partir de la date d&rsquo;achat.<\/p>\n\n\n<div class=\"wp-block-image\">\n<figure data-wp-context=\"{&quot;imageId&quot;:&quot;69f4d0d206e0c&quot;}\" data-wp-interactive=\"core\/image\" data-wp-key=\"69f4d0d206e0c\" class=\"aligncenter wp-lightbox-container\"><img loading=\"lazy\" decoding=\"async\" width=\"300\" height=\"225\" data-wp-class--hide=\"state.isContentHidden\" data-wp-class--show=\"state.isContentVisible\" data-wp-init=\"callbacks.setButtonStyles\" data-wp-on--click=\"actions.showLightbox\" data-wp-on--load=\"callbacks.setButtonStyles\" data-wp-on-window--resize=\"callbacks.setButtonStyles\" src=\"https:\/\/cabanedesgallochieres.fr\/wp-content\/uploads\/2025\/06\/cabanes-des-gallochieres-nuits-insolites-gites-insolites-50-300x225.jpg\" alt=\"\" class=\"wp-image-204\" srcset=\"https:\/\/cabanedesgallochieres.fr\/wp-content\/uploads\/2025\/06\/cabanes-des-gallochieres-nuits-insolites-gites-insolites-50-300x225.jpg 300w, https:\/\/cabanedesgallochieres.fr\/wp-content\/uploads\/2025\/06\/cabanes-des-gallochieres-nuits-insolites-gites-insolites-50-1024x768.jpg 1024w, https:\/\/cabanedesgallochieres.fr\/wp-content\/uploads\/2025\/06\/cabanes-des-gallochieres-nuits-insolites-gites-insolites-50-768x576.jpg 768w, https:\/\/cabanedesgallochieres.fr\/wp-content\/uploads\/2025\/06\/cabanes-des-gallochieres-nuits-insolites-gites-insolites-50-1536x1152.jpg 1536w, https:\/\/cabanedesgallochieres.fr\/wp-content\/uploads\/2025\/06\/cabanes-des-gallochieres-nuits-insolites-gites-insolites-50-360x270.jpg 360w, https:\/\/cabanedesgallochieres.fr\/wp-content\/uploads\/2025\/06\/cabanes-des-gallochieres-nuits-insolites-gites-insolites-50.jpg 2048w\" sizes=\"auto, (max-width: 300px) 100vw, 300px\" \/><button\n\t\t\tclass=\"lightbox-trigger\"\n\t\t\ttype=\"button\"\n\t\t\taria-haspopup=\"dialog\"\n\t\t\taria-label=\"Agrandir\"\n\t\t\tdata-wp-init=\"callbacks.initTriggerButton\"\n\t\t\tdata-wp-on--click=\"actions.showLightbox\"\n\t\t\tdata-wp-style--right=\"state.imageButtonRight\"\n\t\t\tdata-wp-style--top=\"state.imageButtonTop\"\n\t\t>\n\t\t\t<svg xmlns=\"http:\/\/www.w3.org\/2000\/svg\" width=\"12\" height=\"12\" fill=\"none\" viewBox=\"0 0 12 12\">\n\t\t\t\t<path fill=\"#fff\" d=\"M2 0a2 2 0 0 0-2 2v2h1.5V2a.5.5 0 0 1 .5-.5h2V0H2Zm2 10.5H2a.5.5 0 0 1-.5-.5V8H0v2a2 2 0 0 0 2 2h2v-1.5ZM8 12v-1.5h2a.5.5 0 0 0 .5-.5V8H12v2a2 2 0 0 1-2 2H8Zm2-12a2 2 0 0 1 2 2v2h-1.5V2a.5.5 0 0 0-.5-.5H8V0h2Z\" \/>\n\t\t\t<\/svg>\n\t\t<\/button><\/figure>\n<\/div>\n\n\n<p><\/p>\n\n\n\n<p class=\"has-text-align-left\">&nbsp;<\/p>\n","protected":false},"excerpt":{"rendered":"<p>Un simple contact t\u00e9l\u00e9phonique suffit pour recevoir, \u00e0 l&rsquo;adresse choisie, votre bon cadeau. Validit\u00e9 de 6 mois \u00e0 partir de la date d&rsquo;achat. &nbsp;<\/p>\n","protected":false},"author":2,"featured_media":0,"parent":0,"menu_order":0,"comment_status":"closed","ping_status":"closed","template":"","meta":{"footnotes":""},"class_list":["post-177","page","type-page","status-publish","hentry"],"_links":{"self":[{"href":"https:\/\/cabanedesgallochieres.fr\/index.php\/wp-json\/wp\/v2\/pages\/177","targetHints":{"allow":["GET"]}}],"collection":[{"href":"https:\/\/cabanedesgallochieres.fr\/index.php\/wp-json\/wp\/v2\/pages"}],"about":[{"href":"https:\/\/cabanedesgallochieres.fr\/index.php\/wp-json\/wp\/v2\/types\/page"}],"author":[{"embeddable":true,"href":"https:\/\/cabanedesgallochieres.fr\/index.php\/wp-json\/wp\/v2\/users\/2"}],"replies":[{"embeddable":true,"href":"https:\/\/cabanedesgallochieres.fr\/index.php\/wp-json\/wp\/v2\/comments?post=177"}],"version-history":[{"count":5,"href":"https:\/\/cabanedesgallochieres.fr\/index.php\/wp-json\/wp\/v2\/pages\/177\/revisions"}],"predecessor-version":[{"id":209,"href":"https:\/\/cabanedesgallochieres.fr\/index.php\/wp-json\/wp\/v2\/pages\/177\/revisions\/209"}],"wp:attachment":[{"href":"https:\/\/cabanedesgallochieres.fr\/index.php\/wp-json\/wp\/v2\/media?parent=177"}],"curies":[{"name":"wp","href":"https:\/\/api.w.org\/{rel}","templated":true}]}}